{"id":708,"date":"2012-02-09T21:10:29","date_gmt":"2012-02-09T21:10:29","guid":{"rendered":"http:\/\/www.motocheck.fi\/?page_id=2"},"modified":"2018-03-05T07:23:48","modified_gmt":"2018-03-05T07:23:48","slug":"exempelsida-2","status":"publish","type":"page","link":"https:\/\/www.motocheck.fi\/fi\/","title":{"rendered":"Oy Moto-Check Ab"},"content":{"rendered":"<p><span style=\"font-size: medium; font-family: times new roman,times;\"><strong>Moto-Check on yksityisess\u00e4 omistuksessa oleva osakeyhti\u00f6, joka korjaa traktoreita ja myy traktoreiden varaosia sek\u00e4 erikoisalana Zetor veteraanitraktoreiden osat ja tarvikkeet.<\/strong><\/span><\/p>\n<p><span style=\"font-size: medium; font-family: times new roman,times;\"><strong>Aloitimme pieness\u00e4 mittakaavassa 70-luvussa myym\u00e4ll\u00e4 uusia Zetor traktoreita, traktorin korjauksia ja varaosia. Koulutus tapahtui osaksi Zetor tehtaan koulutuskeskuksessa Brno:ssa Tsekin tasavallassa ja osaksi Zetorin maahantuojalla Suomessa.<\/strong><\/span><\/p>\n<p>&nbsp;<\/p>\n<p style=\"padding-left: 30px;\"><a href=\"http:\/\/www.motocheck.fi\/fi\/files\/2012\/06\/rundlogo_Z_fin-e1340299160114.jpg\"><img loading=\"lazy\" decoding=\"async\" class=\"alignleft  wp-image-913\" title=\"rundlogo_Z_fin\" src=\"http:\/\/www.motocheck.fi\/fi\/files\/2012\/06\/rundlogo_Z_fin-300x300.jpg\" alt=\"\" width=\"216\" height=\"216\" \/><\/a><\/p>\n<p style=\"padding-left: 300px;\"><a href=\"http:\/\/www.motocheck.fi\/fi\/files\/2012\/02\/F\u00f6retaget.jpg\"><img loading=\"lazy\" decoding=\"async\" class=\"wp-image-911 alignnone\" title=\"F\u00f6retaget\" src=\"http:\/\/www.motocheck.fi\/fi\/files\/2012\/02\/F\u00f6retaget-300x210.jpg\" alt=\"\" width=\"298\" height=\"207\" \/><\/a><\/p>\n<p>&nbsp;<\/p>\n","protected":false},"excerpt":{"rendered":"<p>Moto-Check on yksityisess\u00e4 omistuksessa oleva osakeyhti\u00f6, joka korjaa traktoreita ja myy traktoreiden varaosia sek\u00e4 erikoisalana Zetor veteraanitraktoreiden osat ja tarvikkeet. Aloitimme pieness\u00e4 mittakaavassa 70-luvussa myym\u00e4ll\u00e4 uusia Zetor traktoreita, traktorin korjauksia ja varaosia. Koulutus tapahtui osaksi Zetor tehtaan koulutuskeskuksessa Brno:ssa Tsekin &hellip; <a href=\"https:\/\/www.motocheck.fi\/fi\/\">Lue loppuun <span class=\"meta-nav\">&rarr;<\/span><\/a><\/p>\n","protected":false},"author":1,"featured_media":0,"parent":0,"menu_order":20,"comment_status":"closed","ping_status":"open","template":"","meta":{"ngg_post_thumbnail":0,"footnotes":""},"class_list":["post-708","page","type-page","status-publish","hentry"],"aioseo_notices":[],"_links":{"self":[{"href":"https:\/\/www.motocheck.fi\/fi\/wp-json\/wp\/v2\/pages\/708","targetHints":{"allow":["GET"]}}],"collection":[{"href":"https:\/\/www.motocheck.fi\/fi\/wp-json\/wp\/v2\/pages"}],"about":[{"href":"https:\/\/www.motocheck.fi\/fi\/wp-json\/wp\/v2\/types\/page"}],"author":[{"embeddable":true,"href":"https:\/\/www.motocheck.fi\/fi\/wp-json\/wp\/v2\/users\/1"}],"replies":[{"embeddable":true,"href":"https:\/\/www.motocheck.fi\/fi\/wp-json\/wp\/v2\/comments?post=708"}],"version-history":[{"count":17,"href":"https:\/\/www.motocheck.fi\/fi\/wp-json\/wp\/v2\/pages\/708\/revisions"}],"predecessor-version":[{"id":930,"href":"https:\/\/www.motocheck.fi\/fi\/wp-json\/wp\/v2\/pages\/708\/revisions\/930"}],"wp:attachment":[{"href":"https:\/\/www.motocheck.fi\/fi\/wp-json\/wp\/v2\/media?parent=708"}],"curies":[{"name":"wp","href":"https:\/\/api.w.org\/{rel}","templated":true}]}}