{"id":545,"date":"2012-02-17T12:00:11","date_gmt":"2012-02-17T12:00:11","guid":{"rendered":"http:\/\/www.motocheck.fi\/?page_id=545"},"modified":"2012-06-17T16:02:19","modified_gmt":"2012-06-17T16:02:19","slug":"miniatyrer","status":"publish","type":"page","link":"http:\/\/www.motocheck.fi\/de\/produkter-2\/miniatyrer\/","title":{"rendered":"Sammlertraktoren"},"content":{"rendered":"<p><span style=\"font-size: medium;\"><strong>Die Traktoren sind mit Schl\u00fcssel aufziehbar. Sie verf\u00fcgen \u00fcber 3 G\u00e4nge + R\u00fcckw\u00e4rtsgang.<\/strong><\/span><\/p>\n<h4>ngg_shortcode_0_placeholder<\/h4>\n<p style=\"padding-left: 240px;\"><a href=\"http:\/\/www.motocheck.fi\/de\/files\/2012\/02\/groda.gif\"><img loading=\"lazy\" decoding=\"async\" class=\"alignleft size-full wp-image-842\" title=\"groda\" src=\"http:\/\/www.motocheck.fi\/de\/files\/2012\/02\/groda.gif\" alt=\"\" width=\"181\" height=\"108\" \/><\/a><\/p>\n","protected":false},"excerpt":{"rendered":"<p>Die Traktoren sind mit Schl\u00fcssel aufziehbar. Sie verf\u00fcgen \u00fcber 3 G\u00e4nge + R\u00fcckw\u00e4rtsgang.<\/p>\n","protected":false},"author":1,"featured_media":0,"parent":507,"menu_order":50,"comment_status":"closed","ping_status":"open","template":"","meta":{"ngg_post_thumbnail":0,"footnotes":""},"class_list":["post-545","page","type-page","status-publish","hentry"],"aioseo_notices":[],"_links":{"self":[{"href":"http:\/\/www.motocheck.fi\/de\/wp-json\/wp\/v2\/pages\/545","targetHints":{"allow":["GET"]}}],"collection":[{"href":"http:\/\/www.motocheck.fi\/de\/wp-json\/wp\/v2\/pages"}],"about":[{"href":"http:\/\/www.motocheck.fi\/de\/wp-json\/wp\/v2\/types\/page"}],"author":[{"embeddable":true,"href":"http:\/\/www.motocheck.fi\/de\/wp-json\/wp\/v2\/users\/1"}],"replies":[{"embeddable":true,"href":"http:\/\/www.motocheck.fi\/de\/wp-json\/wp\/v2\/comments?post=545"}],"version-history":[{"count":5,"href":"http:\/\/www.motocheck.fi\/de\/wp-json\/wp\/v2\/pages\/545\/revisions"}],"predecessor-version":[{"id":851,"href":"http:\/\/www.motocheck.fi\/de\/wp-json\/wp\/v2\/pages\/545\/revisions\/851"}],"up":[{"embeddable":true,"href":"http:\/\/www.motocheck.fi\/de\/wp-json\/wp\/v2\/pages\/507"}],"wp:attachment":[{"href":"http:\/\/www.motocheck.fi\/de\/wp-json\/wp\/v2\/media?parent=545"}],"curies":[{"name":"wp","href":"https:\/\/api.w.org\/{rel}","templated":true}]}}